{"id":463,"date":"2012-11-23T11:00:56","date_gmt":"2012-11-23T11:00:56","guid":{"rendered":"http:\/\/onetouch.local\/?page_id=4"},"modified":"2020-04-01T18:29:34","modified_gmt":"2020-04-01T18:29:34","slug":"home","status":"publish","type":"page","link":"https:\/\/london-dc.com\/studio\/","title":{"rendered":"Home"},"content":{"rendered":"<div class=\"wpb-content-wrapper\"><p>[vc_row][vc_column width=\u00bb2\/3&#8243;][vc_column_text css_animation=\u00bbfadeInLeft\u00bb]<\/p>\n<h3>DISE\u00d1O GR\u00c1FICO, PUBLICIDAD, DISE\u00d1O WEB<\/h3>\n<p>[\/vc_column_text][vc_empty_space height=\u00bb4px\u00bb][vc_column_text css_animation=\u00bbfadeInLeft\u00bb css=\u00bb.vc_custom_1585680408889{padding-top: 5px !important;padding-right: 5px !important;padding-bottom: 5px !important;padding-left: 5px !important;}\u00bb]<\/p>\n<p style=\"text-align: justify;\">En <strong>London DC<\/strong> entendemos la importancia de cuidar los aspectos comunicativos de cada proyecto integral en base a un objetivo <span class=\"text_exposed_show\">de comunicaci\u00f3n, posicionamiento o ventas determinado.<br \/>\nCuidamos de los detalles con alto grado de profesionalismo dado que el producto final determinar\u00e1 el accionar y la imagen de la empresa de nuestros clientes.<br \/>\nPara asegurarnos de cumplir con estos objetivos todos nuestros trabajos son analizados y supervisados por profesionales en las \u00e1reas de comunicaci\u00f3n, marketing, dise\u00f1o e imagen, y sistemas.<\/span><\/p>\n<p style=\"text-align: justify;\">Cada trabajo que realizamos es diferente y personalizado a los requisitos indicados por el cliente, por lo tanto las tarifas pueden variar dependiendo de los plazos y la complejidad del trabajo. Nuestras tarifas est\u00e1n basadas en el Tarifario Modelo\u00a0propuesto por la\u00a0C\u00e1mara de Dise\u00f1adores en Comunicaci\u00f3n Visual (http:\/\/www.cdcv.org.ar).<\/p>\n<p>[\/vc_column_text][\/vc_column][vc_column width=\u00bb1\/3&#8243;][\/vc_column][\/vc_row][vc_row][vc_column][vc_empty_space][\/vc_column][\/vc_row][vc_row][vc_column width=\u00bb2\/3&#8243;][vc_column_text css_animation=\u00bbfadeInLeft\u00bb]<\/p>\n<h3>\u00daLTIMOS TRABAJOS<\/h3>\n<p>[\/vc_column_text][vc_empty_space height=\u00bb4px\u00bb][dt_portfolio type=\u00bbgrid\u00bb padding=\u00bb5&#8243; column_width=\u00bb180&#8243; columns=\u00bb4&#8243; proportion=\u00bb1:1&#8243; same_width=\u00bbtrue\u00bb bg_under_projects=\u00bbdisabled\u00bb content_aligment=\u00bbcenter\u00bb number=\u00bb8&#8243;][\/vc_column][vc_column width=\u00bb1\/3&#8243;][vc_column_text css_animation=\u00bbfadeInLeft\u00bb]<\/p>\n<h3>BLABS!\u00a0M\u00c1S LE\u00cdDOS<\/h3>\n<p>[\/vc_column_text][vc_empty_space height=\u00bb12px\u00bb][dt_blog_posts_small][\/vc_column][\/vc_row][vc_row][vc_column][vc_empty_space][\/vc_column][\/vc_row][vc_row][vc_column][vc_empty_space height=\u00bb24px\u00bb][vc_empty_space height=\u00bb24px\u00bb][vc_column_text css_animation=\u00bbfadeInLeft\u00bb]<\/p>\n<h3>\u00daLTIMAS PUBLICACIONES<\/h3>\n<p>[\/vc_column_text][vc_empty_space height=\u00bb34px\u00bb][\/vc_column][\/vc_row][vc_row full_width=\u00bbtrue\u00bb padding_left=\u00bb22px\u00bb padding_right=\u00bb42px\u00bb][vc_column][elfsight_instagram_feed id=\u00bb1&#8243;][\/vc_column][\/vc_row]<\/p>\n<\/div>","protected":false},"excerpt":{"rendered":"<p>[vc_row][vc_column width=\u00bb2\/3&#8243;][vc_column_text css_animation=\u00bbfadeInLeft\u00bb] DISE\u00d1O GR\u00c1FICO, PUBLICIDAD, DISE\u00d1O WEB [\/vc_column_text][vc_empty_space height=\u00bb4px\u00bb][vc_column_text css_animation=\u00bbfadeInLeft\u00bb css=\u00bb.vc_custom_1585680408889{padding-top: 5px !important;padding-right: 5px !important;padding-bottom: 5px !important;padding-left: 5px !important;}\u00bb] En London DC entendemos la importancia de cuidar los aspectos comunicativos de cada proyecto integral en base a un objetivo de comunicaci\u00f3n, posicionamiento o ventas determinado. Cuidamos de los detalles con alto grado de profesionalismo [&hellip;]<\/p>\n","protected":false},"author":1,"featured_media":0,"parent":0,"menu_order":1,"comment_status":"closed","ping_status":"closed","template":"","meta":{"_acf_changed":false,"inline_featured_image":false,"footnotes":""},"class_list":["post-463","page","type-page","status-publish","hentry"],"acf":[],"_links":{"self":[{"href":"https:\/\/london-dc.com\/studio\/wp-json\/wp\/v2\/pages\/463","targetHints":{"allow":["GET"]}}],"collection":[{"href":"https:\/\/london-dc.com\/studio\/wp-json\/wp\/v2\/pages"}],"about":[{"href":"https:\/\/london-dc.com\/studio\/wp-json\/wp\/v2\/types\/page"}],"author":[{"embeddable":true,"href":"https:\/\/london-dc.com\/studio\/wp-json\/wp\/v2\/users\/1"}],"replies":[{"embeddable":true,"href":"https:\/\/london-dc.com\/studio\/wp-json\/wp\/v2\/comments?post=463"}],"version-history":[{"count":1,"href":"https:\/\/london-dc.com\/studio\/wp-json\/wp\/v2\/pages\/463\/revisions"}],"predecessor-version":[{"id":3999,"href":"https:\/\/london-dc.com\/studio\/wp-json\/wp\/v2\/pages\/463\/revisions\/3999"}],"wp:attachment":[{"href":"https:\/\/london-dc.com\/studio\/wp-json\/wp\/v2\/media?parent=463"}],"curies":[{"name":"wp","href":"https:\/\/api.w.org\/{rel}","templated":true}]}}